{"id":105968,"date":"2022-06-27T16:45:31","date_gmt":"2022-06-27T16:45:31","guid":{"rendered":"https:\/\/www.grupomentora.com\/progrentis\/?page_id=105968"},"modified":"2025-04-30T17:37:06","modified_gmt":"2025-04-30T17:37:06","slug":"nosotros","status":"publish","type":"page","link":"https:\/\/www.grupomentora.com\/progrentis\/nosotros\/","title":{"rendered":"Nosotros"},"content":{"rendered":"<p>[et_pb_section fb_built=\u00bb1&#8243; fullwidth=\u00bbon\u00bb _builder_version=\u00bb4.18.0&#8243; _module_preset=\u00bbdefault\u00bb custom_margin=\u00bb||||false|false\u00bb global_colors_info=\u00bb{}\u00bb][et_pb_fullwidth_image src=\u00bbhttps:\/\/www.grupomentora.com\/progrentis\/wp-content\/uploads\/2022\/11\/slider-nosotros-02.png\u00bb title_text=\u00bbslider nosotros-02&#8243; _builder_version=\u00bb4.19.1&#8243; _module_preset=\u00bbdefault\u00bb global_colors_info=\u00bb{}\u00bb][\/et_pb_fullwidth_image][\/et_pb_section][et_pb_section fb_built=\u00bb1&#8243; disabled_on=\u00bboff|on|on\u00bb _builder_version=\u00bb4.18.0&#8243; _module_preset=\u00bbdefault\u00bb background_color=\u00bb#e7e7e7&#8243; custom_margin=\u00bb-5px||||false|false\u00bb custom_padding=\u00bb4px||||false|false\u00bb global_colors_info=\u00bb{}\u00bb][et_pb_row _builder_version=\u00bb4.18.0&#8243; _module_preset=\u00bbdefault\u00bb global_colors_info=\u00bb{}\u00bb][et_pb_column type=\u00bb4_4&#8243; _builder_version=\u00bb4.18.0&#8243; _module_preset=\u00bbdefault\u00bb global_colors_info=\u00bb{}\u00bb][et_pb_text _builder_version=\u00bb4.27.2&#8243; _module_preset=\u00bbdefault\u00bb text_font=\u00bbMontserrat||||||||\u00bb header_font=\u00bbLemonB||||||||\u00bb header_text_color=\u00bb#E09900&#8243; header_font_size=\u00bb26px\u00bb global_colors_info=\u00bb{}\u00bb]<\/p>\n<h1><strong><span style=\"color: #0a0300;\">\u00bfQUI\u00c9NES<\/span> SOMOS?<\/strong><\/h1>\n<p>Grupo Mentora nace hace 13 a\u00f1os, somos una empresa que pretende impactar de manera positiva en la educaci\u00f3n de los ni\u00f1os y adolescentes, a trav\u00e9s de Progrentis, el gimnasio cerebral. Somos los distribuidores autorizados de esta metodolog\u00eda educativa digital.<\/p>\n<p>Abrimos mercado inicialmente en Costa Rica, Nicaragua, Panam\u00e1, Rep\u00fablica Dominicana, M\u00e9xico y muy pronto en Venezuela.<\/p>\n<p>Cada regi\u00f3n cuenta con equipos locales de<br \/>consultores educativos para un contacto directo con el sector.<\/p>\n<p>La prioridad de nuestro equipo es velar para que cada cliente alcance sus objetivos. Procuramos una educaci\u00f3n que sume para todos.<\/p>\n<p>[\/et_pb_text][et_pb_image src=\u00bbhttps:\/\/www.grupomentora.com\/progrentis\/wp-content\/uploads\/2022\/09\/cerebs.png\u00bb title_text=\u00bbcerebs\u00bb _builder_version=\u00bb4.18.0&#8243; _module_preset=\u00bbdefault\u00bb width=\u00bb74%\u00bb max_width=\u00bb69%\u00bb module_alignment=\u00bbcenter\u00bb custom_margin=\u00bb-34px||-68px||false|false\u00bb global_colors_info=\u00bb{}\u00bb][\/et_pb_image][\/et_pb_column][\/et_pb_row][\/et_pb_section][et_pb_section fb_built=\u00bb1&#8243; disabled_on=\u00bbon|on|off\u00bb _builder_version=\u00bb4.18.0&#8243; _module_preset=\u00bbdefault\u00bb background_color=\u00bb#e7e7e7&#8243; custom_margin=\u00bb0px||||false|false\u00bb custom_padding=\u00bb||||false|false\u00bb custom_css_main_element=\u00bbz-index: 10&#8243; global_colors_info=\u00bb{}\u00bb][et_pb_row column_structure=\u00bb1_2,1_2&#8243; custom_padding_last_edited=\u00bbon|phone\u00bb _builder_version=\u00bb4.18.0&#8243; _module_preset=\u00bbdefault\u00bb width=\u00bb84vw\u00bb max_width=\u00bb84vw\u00bb custom_margin=\u00bb-31px|auto|-23px|auto|false|false\u00bb custom_margin_tablet=\u00bb-31px|auto|-23px|auto|false|false\u00bb custom_margin_phone=\u00bb-31px|0px|-23px|26px|false|false\u00bb custom_margin_last_edited=\u00bbon|phone\u00bb custom_padding=\u00bb0px||0px|||\u00bb custom_padding_tablet=\u00bb0px||0px|||\u00bb custom_padding_phone=\u00bb0px|0px|0px|0px|false|false\u00bb global_colors_info=\u00bb{}\u00bb][et_pb_column type=\u00bb1_2&#8243; _builder_version=\u00bb4.18.0&#8243; _module_preset=\u00bbdefault\u00bb custom_padding_tablet=\u00bb\u00bb custom_padding_phone=\u00bb|0px||0px|false|false\u00bb custom_padding_last_edited=\u00bbon|phone\u00bb global_colors_info=\u00bb{}\u00bb][et_pb_text _builder_version=\u00bb4.18.0&#8243; _module_preset=\u00bbdefault\u00bb text_font_size=\u00bb1px\u00bb text_line_height=\u00bb0em\u00bb header_font_size=\u00bb1px\u00bb header_2_font=\u00bbLemonB||||||||\u00bb header_2_text_align=\u00bbcenter\u00bb header_2_text_color=\u00bb#000000&#8243; header_2_font_size=\u00bb5vw\u00bb header_2_line_height=\u00bb1.2em\u00bb header_3_font=\u00bbLemonB|700|||||||\u00bb header_3_font_size=\u00bb6vw\u00bb header_3_line_height=\u00bb0.7em\u00bb transform_scale_tablet=\u00bb\u00bb transform_scale_phone=\u00bb56%|56%\u00bb transform_scale_last_edited=\u00bbon|phone\u00bb transform_translate_tablet=\u00bb\u00bb transform_translate_phone=\u00bb154px|-65px\u00bb transform_translate_last_edited=\u00bbon|phone\u00bb transform_rotate_tablet=\u00bb\u00bb transform_rotate_phone=\u00bb\u00bb transform_rotate_last_edited=\u00bbon|phone\u00bb transform_skew_tablet=\u00bb\u00bb transform_skew_phone=\u00bb\u00bb transform_skew_last_edited=\u00bbon|phone\u00bb transform_origin_tablet=\u00bb\u00bb transform_origin_phone=\u00bb\u00bb transform_origin_last_edited=\u00bbon|phone\u00bb transform_styles_last_edited=\u00bbon|phone\u00bb header_2_font_size_tablet=\u00bb5vw\u00bb header_2_font_size_phone=\u00bb12vw\u00bb header_2_font_size_last_edited=\u00bbon|phone\u00bb header_3_font_size_tablet=\u00bb6vw\u00bb header_3_font_size_phone=\u00bb13vw\u00bb header_3_font_size_last_edited=\u00bbon|phone\u00bb transform_styles_tablet=\u00bb\u00bb transform_styles_phone=\u00bb\u00bb global_colors_info=\u00bb{}\u00bb]<\/p>\n<h2 style=\"text-align: center;\">\u00bfQUI\u00c9NES<\/h2>\n<p>&nbsp;<\/p>\n<h3 style=\"text-align: center;\"><span style=\"color: #e09900;\">\u00a0 \u00a0 SOMOS?<\/span><\/h3>\n<p>[\/et_pb_text][et_pb_image src=\u00bbhttps:\/\/www.grupomentora.com\/progrentis\/wp-content\/uploads\/2022\/09\/cerebs.png\u00bb show_bottom_space=\u00bboff\u00bb align=\u00bbcenter\u00bb _builder_version=\u00bb4.18.0&#8243; _module_preset=\u00bbdefault\u00bb transform_scale_tablet=\u00bb\u00bb transform_scale_phone=\u00bb\u00bb transform_scale_last_edited=\u00bbon|phone\u00bb transform_translate=\u00bb36px|-24px\u00bb transform_translate_tablet=\u00bb36px|-24px\u00bb transform_translate_phone=\u00bb-74px|-143px\u00bb transform_translate_last_edited=\u00bbon|phone\u00bb transform_rotate_tablet=\u00bb\u00bb transform_rotate_phone=\u00bb\u00bb transform_rotate_last_edited=\u00bbon|phone\u00bb transform_skew_tablet=\u00bb\u00bb transform_skew_phone=\u00bb\u00bb transform_skew_last_edited=\u00bbon|phone\u00bb transform_origin_tablet=\u00bb\u00bb transform_origin_phone=\u00bb\u00bb transform_origin_last_edited=\u00bbon|phone\u00bb transform_styles_last_edited=\u00bbon|phone\u00bb width=\u00bb29vw\u00bb width_tablet=\u00bb29vw\u00bb width_phone=\u00bb64%\u00bb width_last_edited=\u00bbon|phone\u00bb custom_margin=\u00bb||-56px||false|false\u00bb custom_padding=\u00bb0px||0px||false|false\u00bb transform_styles_tablet=\u00bb\u00bb transform_styles_phone=\u00bb\u00bb global_colors_info=\u00bb{}\u00bb][\/et_pb_image][\/et_pb_column][et_pb_column type=\u00bb1_2&#8243; _builder_version=\u00bb4.18.0&#8243; _module_preset=\u00bbdefault\u00bb custom_padding_tablet=\u00bb\u00bb custom_padding_phone=\u00bb|0px||0px|false|false\u00bb custom_padding_last_edited=\u00bbon|phone\u00bb global_colors_info=\u00bb{}\u00bb][et_pb_text content_tablet=\u00bb<\/p>\n<p style=%22text-align: left;%22><span style=%22color: #1d1d1b;%22>Grupo Mentora nace hace 10 a\u00f1os, somos una empresa que pretende impactar de manera positiva en la educaci\u00f3n de los ni\u00f1os y adolescentes, a trav\u00e9s de Progrentis,<strong> el gimnasio cerebral<\/strong>. Somos los distribuidores autorizados de esta <strong>soluci\u00f3n educativa digital.<\/strong><\/span><\/p>\n<p style=%22text-align: left;%22><span style=%22color: #1d1d1b;%22>Abrimos mercado inicialmente en Costa Rica, Nicaragua, Panam\u00e1, Rep\u00fablica Dominicana y muy pronto en Venezuela.<\/span><\/p>\n<p style=%22text-align: left;%22><span style=%22color: #1d1d1b;%22>Cada regi\u00f3n cuenta con equipos locales de<\/span><br \/><span style=%22color: #1d1d1b;%22>consultores educativos para un contacto directo con el sector.<\/span><\/p>\n<p style=%22text-align: left;%22><span style=%22color: #1d1d1b;%22>La prioridad de nuestro equipo es velar para que cada cliente alcance sus objetivos. <strong>Procuramos una educaci\u00f3n que sume para todos.<\/strong><\/span><\/p>\n<p>\u00bb content_phone=\u00bb<\/p>\n<p style=%22text-align: left;%22><span style=%22color: #1d1d1b;%22>Grupo Mentora nace hace 10 a\u00f1os, somos una empresa que pretende impactar de manera positiva en la educaci\u00f3n de los ni\u00f1os y adolescentes, a trav\u00e9s de Progrentis,<strong> el gimnasio cerebral<\/strong>. Somos los distribuidores autorizados de esta <strong>soluci\u00f3n educativa digital.<\/strong><\/span><\/p>\n<p style=%22text-align: left;%22><span style=%22color: #1d1d1b;%22>Abrimos mercado inicialmente en Costa Rica, Nicaragua, Panam\u00e1, Rep\u00fablica Dominicana y muy pronto en Venezuela.<\/span><\/p>\n<p style=%22text-align: left;%22><span style=%22color: #1d1d1b;%22>Cada regi\u00f3n cuenta con equipos locales de<\/span><br \/><span style=%22color: #1d1d1b;%22>consultores educativos para un contacto directo con el sector.<\/span><\/p>\n<p style=%22text-align: left;%22><span style=%22color: #1d1d1b;%22>La prioridad de nuestro equipo es velar para que cada cliente alcance sus objetivos. <strong>Procuramos una educaci\u00f3n que sume para todos.<\/strong><\/span><\/p>\n<p>\u00bb content_last_edited=\u00bbon|phone\u00bb disabled_on=\u00bboff|off|off\u00bb _builder_version=\u00bb4.27.4&#8243; _module_preset=\u00bbdefault\u00bb text_font=\u00bbMontserrat||||||||\u00bb text_text_color=\u00bb#000000&#8243; text_font_size=\u00bb1.3vw\u00bb ul_font=\u00bb||||||||\u00bb header_font=\u00bbLemonB||||||||\u00bb header_2_font=\u00bbLemonB|700|||||||\u00bb header_2_font_size=\u00bb36px\u00bb header_2_line_height=\u00bb1.2em\u00bb header_3_font=\u00bb||||||||\u00bb width=\u00bb34vw\u00bb max_width_last_edited=\u00bboff|desktop\u00bb module_alignment=\u00bbcenter\u00bb min_height=\u00bb0.9vw\u00bb custom_margin=\u00bb||32px|||\u00bb custom_margin_tablet=\u00bb|||\u00bb custom_margin_phone=\u00bb-99px||-1px||false|false\u00bb custom_margin_last_edited=\u00bbon|phone\u00bb custom_padding=\u00bb|0px||||\u00bb custom_padding_tablet=\u00bb|0px||||\u00bb custom_padding_phone=\u00bb0px|0px||0px|false|false\u00bb custom_padding_last_edited=\u00bbon|phone\u00bb hover_enabled=\u00bb0&#8243; text_font_size_tablet=\u00bb1.3vw\u00bb text_font_size_phone=\u00bb3.5vw\u00bb text_font_size_last_edited=\u00bbon|phone\u00bb header_2_font_size_tablet=\u00bb35px\u00bb header_2_font_size_phone=\u00bb28px\u00bb header_2_font_size_last_edited=\u00bbon|desktop\u00bb text_orientation_tablet=\u00bb\u00bb text_orientation_phone=\u00bb\u00bb text_orientation_last_edited=\u00bbon|phone\u00bb global_colors_info=\u00bb{}\u00bb sticky_enabled=\u00bb0&#8243;]<\/p>\n<p style=\"text-align: left;\"><span style=\"color: #1d1d1b;\"><\/span><\/p>\n<p style=\"text-align: left;\"><span style=\"color: #1d1d1b;\"><\/span><\/p>\n<p style=\"text-align: left;\"><span style=\"color: #1d1d1b;\"><\/span><\/p>\n<p style=\"text-align: left;\"><span style=\"color: #1d1d1b;\"><\/span><\/p>\n<p style=\"text-align: left;\"><span style=\"color: #1d1d1b;\">Grupo Mentora nace hace 13 a\u00f1os, somos una empresa que pretende impactar de manera positiva en la educaci\u00f3n de los ni\u00f1os y adolescentes, a trav\u00e9s de Progrentis,<strong> el gimnasio cerebral<\/strong>. Somos los distribuidores autorizados de esta <strong>metodolog\u00eda educativa digital.<\/strong><\/span><\/p>\n<p style=\"text-align: left;\"><span style=\"color: #1d1d1b;\">Abrimos mercado inicialmente en Costa Rica, Nicaragua, Panam\u00e1, Rep\u00fablica Dominicana, M\u00e9xico y muy pronto en Venezuela.<\/span><\/p>\n<p style=\"text-align: left;\"><span style=\"color: #1d1d1b;\">Cada regi\u00f3n cuenta con equipos locales de<\/span><br \/><span style=\"color: #1d1d1b;\">consultores educativos para un contacto directo con el sector.<\/span><\/p>\n<p style=\"text-align: left;\"><span style=\"color: #1d1d1b;\">La prioridad de nuestro equipo es velar para que cada cliente alcance sus objetivos. <strong>Procuramos una educaci\u00f3n que sume para todos.<\/strong><\/span><\/p>\n<p>[\/et_pb_text][\/et_pb_column][\/et_pb_row][\/et_pb_section][et_pb_section fb_built=\u00bb1&#8243; disabled_on=\u00bbon|on|off\u00bb admin_label=\u00bbWhat we do best Row\u00bb _builder_version=\u00bb4.18.0&#8243; _module_preset=\u00bbdefault\u00bb background_color=\u00bb#f0aa24&#8243; custom_margin=\u00bb||-4px||false|false\u00bb custom_padding=\u00bb20px||98px||false|false\u00bb bottom_divider_style=\u00bbramp\u00bb bottom_divider_color=\u00bbRGBA(255,255,255,0)\u00bb bottom_divider_height=\u00bb236px\u00bb global_colors_info=\u00bb{}\u00bb][et_pb_row _builder_version=\u00bb4.16&#8243; _module_preset=\u00bbdefault\u00bb custom_padding=\u00bb||0px|||\u00bb global_colors_info=\u00bb{}\u00bb][et_pb_column type=\u00bb4_4&#8243; _builder_version=\u00bb4.16&#8243; _module_preset=\u00bbdefault\u00bb custom_padding=\u00bb|||\u00bb global_colors_info=\u00bb{}\u00bb custom_padding__hover=\u00bb|||\u00bb][\/et_pb_column][\/et_pb_row][et_pb_row _builder_version=\u00bb4.17.4&#8243; _module_preset=\u00bbdefault\u00bb global_colors_info=\u00bb{}\u00bb][et_pb_column type=\u00bb4_4&#8243; _builder_version=\u00bb4.17.4&#8243; _module_preset=\u00bbdefault\u00bb global_colors_info=\u00bb{}\u00bb][et_pb_image src=\u00bbhttps:\/\/www.grupomentora.com\/progrentis\/wp-content\/uploads\/2022\/09\/miss.png\u00bb _builder_version=\u00bb4.18.0&#8243; _module_preset=\u00bbdefault\u00bb global_colors_info=\u00bb{}\u00bb][\/et_pb_image][\/et_pb_column][\/et_pb_row][\/et_pb_section][et_pb_section fb_built=\u00bb1&#8243; disabled_on=\u00bboff|on|on\u00bb _builder_version=\u00bb4.18.0&#8243; _module_preset=\u00bbdefault\u00bb background_color=\u00bb#f0aa23&#8243; custom_margin=\u00bb-59px||||false|false\u00bb global_colors_info=\u00bb{}\u00bb][et_pb_row _builder_version=\u00bb4.18.0&#8243; _module_preset=\u00bbdefault\u00bb global_colors_info=\u00bb{}\u00bb][et_pb_column type=\u00bb4_4&#8243; _builder_version=\u00bb4.18.0&#8243; _module_preset=\u00bbdefault\u00bb global_colors_info=\u00bb{}\u00bb][et_pb_image src=\u00bbhttps:\/\/www.grupomentora.com\/progrentis\/wp-content\/uploads\/2022\/10\/MISS.png\u00bb title_text=\u00bbMISS\u00bb _builder_version=\u00bb4.18.0&#8243; _module_preset=\u00bbdefault\u00bb global_colors_info=\u00bb{}\u00bb][\/et_pb_image][et_pb_image src=\u00bbhttps:\/\/www.grupomentora.com\/progrentis\/wp-content\/uploads\/2022\/10\/CISS.png\u00bb title_text=\u00bbCISS\u00bb _builder_version=\u00bb4.18.0&#8243; _module_preset=\u00bbdefault\u00bb global_colors_info=\u00bb{}\u00bb][\/et_pb_image][et_pb_image src=\u00bbhttps:\/\/www.grupomentora.com\/progrentis\/wp-content\/uploads\/2022\/10\/VAL.png\u00bb title_text=\u00bbVAL\u00bb _builder_version=\u00bb4.18.0&#8243; _module_preset=\u00bbdefault\u00bb global_colors_info=\u00bb{}\u00bb][\/et_pb_image][\/et_pb_column][\/et_pb_row][\/et_pb_section]<\/p>\n","protected":false},"excerpt":{"rendered":"<p>\u00bfQUI\u00c9NES SOMOS? Grupo Mentora nace hace 13 a\u00f1os, somos una empresa que pretende impactar de manera positiva en la educaci\u00f3n de los ni\u00f1os y adolescentes, a trav\u00e9s de Progrentis, el gimnasio cerebral. Somos los distribuidores autorizados de esta metodolog\u00eda educativa digital. Abrimos mercado inicialmente en Costa Rica, Nicaragua, Panam\u00e1, Rep\u00fablica Dominicana, M\u00e9xico y muy pronto [&hellip;]<\/p>\n","protected":false},"author":4,"featured_media":0,"parent":0,"menu_order":0,"comment_status":"closed","ping_status":"closed","template":"","meta":{"_et_pb_use_builder":"on","_et_pb_old_content":"","_et_gb_content_width":"","jetpack_post_was_ever_published":false,"footnotes":""},"class_list":["post-105968","page","type-page","status-publish","hentry"],"yoast_head":"<!-- This site is optimized with the Yoast SEO plugin v27.5 - https:\/\/yoast.com\/product\/yoast-seo-wordpress\/ -->\n<title>Nosotros - Mentora Progrentis<\/title>\n<meta name=\"robots\" content=\"index, follow, max-snippet:-1, max-image-preview:large, max-video-preview:-1\" \/>\n<link rel=\"canonical\" href=\"https:\/\/www.grupomentora.com\/progrentis\/nosotros\/\" \/>\n<meta property=\"og:locale\" content=\"es_ES\" \/>\n<meta property=\"og:type\" content=\"article\" \/>\n<meta property=\"og:title\" content=\"Nosotros - Mentora Progrentis\" \/>\n<meta property=\"og:description\" content=\"\u00bfQUI\u00c9NES SOMOS? Grupo Mentora nace hace 13 a\u00f1os, somos una empresa que pretende impactar de manera positiva en la educaci\u00f3n de los ni\u00f1os y adolescentes, a trav\u00e9s de Progrentis, el gimnasio cerebral. Somos los distribuidores autorizados de esta metodolog\u00eda educativa digital. Abrimos mercado inicialmente en Costa Rica, Nicaragua, Panam\u00e1, Rep\u00fablica Dominicana, M\u00e9xico y muy pronto [&hellip;]\" \/>\n<meta property=\"og:url\" content=\"https:\/\/www.grupomentora.com\/progrentis\/nosotros\/\" \/>\n<meta property=\"og:site_name\" content=\"Mentora Progrentis\" \/>\n<meta property=\"article:publisher\" content=\"https:\/\/www.facebook.com\/grupomentora\" \/>\n<meta property=\"article:modified_time\" content=\"2025-04-30T17:37:06+00:00\" \/>\n<meta name=\"twitter:card\" content=\"summary_large_image\" \/>\n<meta name=\"twitter:site\" content=\"@grupomentora\" \/>\n<meta name=\"twitter:label1\" content=\"Tiempo de lectura\" \/>\n\t<meta name=\"twitter:data1\" content=\"8 minutos\" \/>\n<script type=\"application\/ld+json\" class=\"yoast-schema-graph\">{\"@context\":\"https:\\\/\\\/schema.org\",\"@graph\":[{\"@type\":\"WebPage\",\"@id\":\"https:\\\/\\\/www.grupomentora.com\\\/progrentis\\\/nosotros\\\/\",\"url\":\"https:\\\/\\\/www.grupomentora.com\\\/progrentis\\\/nosotros\\\/\",\"name\":\"Nosotros - Mentora Progrentis\",\"isPartOf\":{\"@id\":\"https:\\\/\\\/www.grupomentora.com\\\/progrentis\\\/#website\"},\"datePublished\":\"2022-06-27T16:45:31+00:00\",\"dateModified\":\"2025-04-30T17:37:06+00:00\",\"inLanguage\":\"es\",\"potentialAction\":[{\"@type\":\"ReadAction\",\"target\":[\"https:\\\/\\\/www.grupomentora.com\\\/progrentis\\\/nosotros\\\/\"]}]},{\"@type\":\"WebSite\",\"@id\":\"https:\\\/\\\/www.grupomentora.com\\\/progrentis\\\/#website\",\"url\":\"https:\\\/\\\/www.grupomentora.com\\\/progrentis\\\/\",\"name\":\"Grupo Mentora Progrentis\",\"description\":\"Del conocimiento a las destrezas\",\"potentialAction\":[{\"@type\":\"SearchAction\",\"target\":{\"@type\":\"EntryPoint\",\"urlTemplate\":\"https:\\\/\\\/www.grupomentora.com\\\/progrentis\\\/?s={search_term_string}\"},\"query-input\":{\"@type\":\"PropertyValueSpecification\",\"valueRequired\":true,\"valueName\":\"search_term_string\"}}],\"inLanguage\":\"es\"}]}<\/script>\n<!-- \/ Yoast SEO plugin. -->","yoast_head_json":{"title":"Nosotros - Mentora Progrentis","robots":{"index":"index","follow":"follow","max-snippet":"max-snippet:-1","max-image-preview":"max-image-preview:large","max-video-preview":"max-video-preview:-1"},"canonical":"https:\/\/www.grupomentora.com\/progrentis\/nosotros\/","og_locale":"es_ES","og_type":"article","og_title":"Nosotros - Mentora Progrentis","og_description":"\u00bfQUI\u00c9NES SOMOS? Grupo Mentora nace hace 13 a\u00f1os, somos una empresa que pretende impactar de manera positiva en la educaci\u00f3n de los ni\u00f1os y adolescentes, a trav\u00e9s de Progrentis, el gimnasio cerebral. Somos los distribuidores autorizados de esta metodolog\u00eda educativa digital. Abrimos mercado inicialmente en Costa Rica, Nicaragua, Panam\u00e1, Rep\u00fablica Dominicana, M\u00e9xico y muy pronto [&hellip;]","og_url":"https:\/\/www.grupomentora.com\/progrentis\/nosotros\/","og_site_name":"Mentora Progrentis","article_publisher":"https:\/\/www.facebook.com\/grupomentora","article_modified_time":"2025-04-30T17:37:06+00:00","twitter_card":"summary_large_image","twitter_site":"@grupomentora","twitter_misc":{"Tiempo de lectura":"8 minutos"},"schema":{"@context":"https:\/\/schema.org","@graph":[{"@type":"WebPage","@id":"https:\/\/www.grupomentora.com\/progrentis\/nosotros\/","url":"https:\/\/www.grupomentora.com\/progrentis\/nosotros\/","name":"Nosotros - Mentora Progrentis","isPartOf":{"@id":"https:\/\/www.grupomentora.com\/progrentis\/#website"},"datePublished":"2022-06-27T16:45:31+00:00","dateModified":"2025-04-30T17:37:06+00:00","inLanguage":"es","potentialAction":[{"@type":"ReadAction","target":["https:\/\/www.grupomentora.com\/progrentis\/nosotros\/"]}]},{"@type":"WebSite","@id":"https:\/\/www.grupomentora.com\/progrentis\/#website","url":"https:\/\/www.grupomentora.com\/progrentis\/","name":"Grupo Mentora Progrentis","description":"Del conocimiento a las destrezas","potentialAction":[{"@type":"SearchAction","target":{"@type":"EntryPoint","urlTemplate":"https:\/\/www.grupomentora.com\/progrentis\/?s={search_term_string}"},"query-input":{"@type":"PropertyValueSpecification","valueRequired":true,"valueName":"search_term_string"}}],"inLanguage":"es"}]}},"jetpack-related-posts":[{"id":987495564,"url":"https:\/\/www.grupomentora.com\/progrentis\/blog-mentora\/","url_meta":{"origin":105968,"position":0},"title":"Blog","author":"Michael Parrales","date":"septiembre 27, 2022","format":false,"excerpt":"","rel":"","context":"Entrada similar","block_context":{"text":"Entrada similar","link":""},"img":{"alt_text":"","src":"","width":0,"height":0},"classes":[]},{"id":105693,"url":"https:\/\/www.grupomentora.com\/progrentis\/","url_meta":{"origin":105968,"position":1},"title":"Inicio","author":"Grupo Mentora","date":"mayo 10, 2022","format":false,"excerpt":"","rel":"","context":"Entrada similar","block_context":{"text":"Entrada similar","link":""},"img":{"alt_text":"","src":"","width":0,"height":0},"classes":[]}],"jetpack_sharing_enabled":true,"_links":{"self":[{"href":"https:\/\/www.grupomentora.com\/progrentis\/wp-json\/wp\/v2\/pages\/105968","targetHints":{"allow":["GET"]}}],"collection":[{"href":"https:\/\/www.grupomentora.com\/progrentis\/wp-json\/wp\/v2\/pages"}],"about":[{"href":"https:\/\/www.grupomentora.com\/progrentis\/wp-json\/wp\/v2\/types\/page"}],"author":[{"embeddable":true,"href":"https:\/\/www.grupomentora.com\/progrentis\/wp-json\/wp\/v2\/users\/4"}],"replies":[{"embeddable":true,"href":"https:\/\/www.grupomentora.com\/progrentis\/wp-json\/wp\/v2\/comments?post=105968"}],"version-history":[{"count":102,"href":"https:\/\/www.grupomentora.com\/progrentis\/wp-json\/wp\/v2\/pages\/105968\/revisions"}],"predecessor-version":[{"id":987496654,"href":"https:\/\/www.grupomentora.com\/progrentis\/wp-json\/wp\/v2\/pages\/105968\/revisions\/987496654"}],"wp:attachment":[{"href":"https:\/\/www.grupomentora.com\/progrentis\/wp-json\/wp\/v2\/media?parent=105968"}],"curies":[{"name":"wp","href":"https:\/\/api.w.org\/{rel}","templated":true}]}}