{"id":106006,"date":"2022-06-30T20:54:14","date_gmt":"2022-06-30T20:54:14","guid":{"rendered":"https:\/\/www.grupomentora.com\/progrentis\/?page_id=106006"},"modified":"2024-10-24T16:12:49","modified_gmt":"2024-10-24T16:12:49","slug":"soluciones","status":"publish","type":"page","link":"https:\/\/www.grupomentora.com\/progrentis\/soluciones\/","title":{"rendered":"Soluciones"},"content":{"rendered":"<p>[et_pb_section fb_built=\u00bb1&#8243; fullwidth=\u00bbon\u00bb _builder_version=\u00bb4.17.4&#8243; _module_preset=\u00bbdefault\u00bb custom_margin=\u00bb-16px||||false|false\u00bb global_colors_info=\u00bb{}\u00bb][et_pb_fullwidth_image src=\u00bbhttps:\/\/www.grupomentora.com\/progrentis\/wp-content\/uploads\/2022\/11\/SLIDER-SOLUCIONES-02-02.png\u00bb title_text=\u00bbSLIDER SOLUCIONES-02-02&#8243; _builder_version=\u00bb4.19.1&#8243; _module_preset=\u00bbdefault\u00bb custom_padding_tablet=\u00bb\u00bb custom_padding_phone=\u00bb16px||0px||false|false\u00bb custom_padding_last_edited=\u00bbon|phone\u00bb global_colors_info=\u00bb{}\u00bb][\/et_pb_fullwidth_image][\/et_pb_section][et_pb_section fb_built=\u00bb1&#8243; _builder_version=\u00bb4.18.0&#8243; _module_preset=\u00bbdefault\u00bb background_color=\u00bb#e7e7e7&#8243; custom_margin=\u00bb-3px||-2px||false|false\u00bb custom_padding=\u00bb36px||0px|||\u00bb custom_css_main_element=\u00bbz-index: 10&#8243; global_colors_info=\u00bb{}\u00bb][et_pb_row module_id=\u00bbsuma\u00bb _builder_version=\u00bb4.17.4&#8243; _module_preset=\u00bbdefault\u00bb width=\u00bb89%\u00bb max_width=\u00bb85%\u00bb custom_margin=\u00bb||-23px||false|false\u00bb custom_padding=\u00bb12px||0px|125px||\u00bb custom_css_main_element=\u00bbwidth: 90%;||\u00bb global_colors_info=\u00bb{}\u00bb][et_pb_column type=\u00bb4_4&#8243; _builder_version=\u00bb4.17.3&#8243; _module_preset=\u00bbdefault\u00bb global_colors_info=\u00bb{}\u00bb][et_pb_text _builder_version=\u00bb4.18.0&#8243; _module_preset=\u00bbdefault\u00bb text_font_size=\u00bb2vw\u00bb header_2_font=\u00bbLemonB||||||||\u00bb header_2_text_align=\u00bbcenter\u00bb header_2_text_color=\u00bb#000000&#8243; header_2_font_size=\u00bb6vw\u00bb header_2_line_height=\u00bb0.3em\u00bb transform_scale_tablet=\u00bb\u00bb transform_scale_phone=\u00bb103%|103%\u00bb transform_scale_last_edited=\u00bbon|phone\u00bb transform_translate_tablet=\u00bb\u00bb transform_translate_phone=\u00bb-64px|-10px\u00bb transform_translate_last_edited=\u00bbon|phone\u00bb transform_rotate_tablet=\u00bb\u00bb transform_rotate_phone=\u00bb\u00bb transform_rotate_last_edited=\u00bbon|phone\u00bb transform_skew_tablet=\u00bb\u00bb transform_skew_phone=\u00bb\u00bb transform_skew_last_edited=\u00bbon|phone\u00bb transform_origin_tablet=\u00bb\u00bb transform_origin_phone=\u00bb\u00bb transform_origin_last_edited=\u00bbon|phone\u00bb transform_styles_last_edited=\u00bbon|phone\u00bb transform_styles_tablet=\u00bb\u00bb transform_styles_phone=\u00bb\u00bb inline_fonts=\u00bbABeeZee\u00bb global_colors_info=\u00bb{}\u00bb]<\/p>\n<h2 style=\"text-align: left;\"><span style=\"font-size: xx-large; color: #000000;\">\u00a0Mentora\u00a0 <\/span><\/h2>\n<h2 style=\"text-align: left;\"><span style=\"color: #e09900;\">Siempre suma<sup><span style=\"color: #000000;\">+<\/span><\/sup><\/span><\/h2>\n<p>[\/et_pb_text][\/et_pb_column][\/et_pb_row][\/et_pb_section][et_pb_section fb_built=\u00bb1&#8243; disabled_on=\u00bboff|off|on\u00bb _builder_version=\u00bb4.18.0&#8243; _module_preset=\u00bbdefault\u00bb background_color=\u00bb#e7e7e7&#8243; custom_padding=\u00bb0px||0px|||\u00bb global_colors_info=\u00bb{}\u00bb][et_pb_row _builder_version=\u00bb4.18.0&#8243; _module_preset=\u00bbdefault\u00bb global_colors_info=\u00bb{}\u00bb][et_pb_column type=\u00bb4_4&#8243; _builder_version=\u00bb4.18.0&#8243; _module_preset=\u00bbdefault\u00bb global_colors_info=\u00bb{}\u00bb][et_pb_text _builder_version=\u00bb4.19.0&#8243; _module_preset=\u00bbdefault\u00bb text_font=\u00bbMontserrat||||||||\u00bb text_orientation=\u00bbcenter\u00bb global_colors_info=\u00bb{}\u00bb]<\/p>\n<p style=\"text-align: center;\">Usamos la misma inteligencia artificial<br \/>desarrollada por la NASA para optimizar el<br \/>nivel cognitivo de los astronautas para<br \/>evaluar competencias, razonamiento,<br \/>concentraci\u00f3n, alfabetizaci\u00f3n digital y nivel<br \/>de avance en la soluci\u00f3n educativa.<\/p>\n<p style=\"text-align: center;\">Potenciamos al m\u00e1ximo las habilidades de<br \/>pensamiento de los alumnos.<\/p>\n<p style=\"text-align: center;\">Desarrollamos m\u00e1s de 100 destrezas claves para<br \/>el estudiante del S. XXI.<\/p>\n<p>[\/et_pb_text][et_pb_text _builder_version=\u00bb4.18.0&#8243; _module_preset=\u00bbdefault\u00bb text_font=\u00bbMontserrat||||||||\u00bb text_orientation=\u00bbcenter\u00bb global_colors_info=\u00bb{}\u00bb]<\/p>\n<p style=\"text-align: center;\">Mejoramos dr\u00e1sticamente los niveles de<br \/>atenci\u00f3n y concentraci\u00f3n de los alumnos.<\/p>\n<p style=\"text-align: center;\">Promovemos la capacidad de \u00abaprender a<br \/>aprender\u00bb y la alfabetizaci\u00f3n digital.<\/p>\n<p style=\"text-align: center;\">Mapeamos las inteligencias m\u00faltiples de los<br \/>estudiantes y creamos rutas personalizadas<br \/>de aprendizaje.<\/p>\n<p style=\"text-align: center;\">Ofrecemos actualizaci\u00f3n profesional<br \/>docente con metodolog\u00edas activas centradas<br \/>en el aprendizaje significativo.<\/p>\n<p>[\/et_pb_text][\/et_pb_column][\/et_pb_row][\/et_pb_section][et_pb_section fb_built=\u00bb1&#8243; disabled_on=\u00bbon|on|off\u00bb admin_label=\u00bbWhat we do best Row\u00bb _builder_version=\u00bb4.18.0&#8243; _module_preset=\u00bbdefault\u00bb background_color=\u00bb#e7e7e7&#8243; custom_padding=\u00bb20px||73px|||\u00bb bottom_divider_color=\u00bb#ffffff\u00bb bottom_divider_height=\u00bb236px\u00bb global_colors_info=\u00bb{}\u00bb][et_pb_row column_structure=\u00bb1_2,1_2&#8243; custom_padding_last_edited=\u00bbon|phone\u00bb _builder_version=\u00bb4.18.0&#8243; _module_preset=\u00bbdefault\u00bb width_tablet=\u00bb\u00bb width_phone=\u00bb90%\u00bb width_last_edited=\u00bbon|phone\u00bb max_width_tablet=\u00bb\u00bb max_width_phone=\u00bb90%\u00bb max_width_last_edited=\u00bbon|phone\u00bb custom_margin_tablet=\u00bb\u00bb custom_margin_phone=\u00bb|-8px|||false|false\u00bb custom_margin_last_edited=\u00bbon|phone\u00bb custom_padding=\u00bb||32px|29px||\u00bb custom_padding_tablet=\u00bb||32px|29px||\u00bb custom_padding_phone=\u00bb|0px|0px|17px|false|false\u00bb custom_css_main_element=\u00bbmax-width: 1080px\u00bb global_colors_info=\u00bb{}\u00bb][et_pb_column type=\u00bb1_2&#8243; _builder_version=\u00bb4.16&#8243; _module_preset=\u00bbdefault\u00bb custom_padding=\u00bb|||\u00bb global_colors_info=\u00bb{}\u00bb custom_padding__hover=\u00bb|||\u00bb][et_pb_text _builder_version=\u00bb4.19.0&#8243; _module_preset=\u00bbdefault\u00bb text_font=\u00bbMontserrat||||||||\u00bb text_text_color=\u00bb#000000&#8243; text_font_size=\u00bb1.2vw\u00bb ul_font=\u00bb||||||||\u00bb header_font=\u00bbLemonB||||||||\u00bb header_2_font=\u00bbLemonB|700|||||||\u00bb header_2_font_size=\u00bb36px\u00bb header_2_line_height=\u00bb1.2em\u00bb header_3_font=\u00bb||||||||\u00bb max_width=\u00bb800px\u00bb max_width_last_edited=\u00bboff|desktop\u00bb module_alignment=\u00bbcenter\u00bb custom_margin=\u00bb|||\u00bb custom_padding=\u00bb|74px|68px|||\u00bb text_font_size_tablet=\u00bb1.2vw\u00bb text_font_size_phone=\u00bb3vw\u00bb text_font_size_last_edited=\u00bbon|phone\u00bb header_2_font_size_tablet=\u00bb35px\u00bb header_2_font_size_phone=\u00bb28px\u00bb header_2_font_size_last_edited=\u00bbon|desktop\u00bb global_colors_info=\u00bb{}\u00bb]<\/p>\n<p style=\"text-align: left;\">Usamos la misma inteligencia artificial desarrollada por la NASA para optimizar el nivel cognitivo de los astronautas para evaluar competencias, razonamiento, concentraci\u00f3n, alfabetizaci\u00f3n digital y nivel de avance en la soluci\u00f3n educativa.<\/p>\n<p style=\"text-align: left;\">Potenciamos al m\u00e1ximo las habilidades de pensamiento de los alumnos.<\/p>\n<p style=\"text-align: left;\">Desarrollamos m\u00e1s de 100 destrezas claves para el estudiante del Siglo XXI.<\/p>\n<p>[\/et_pb_text][\/et_pb_column][et_pb_column type=\u00bb1_2&#8243; _builder_version=\u00bb4.16&#8243; _module_preset=\u00bbdefault\u00bb custom_padding=\u00bb|||\u00bb global_colors_info=\u00bb{}\u00bb custom_padding__hover=\u00bb|||\u00bb][et_pb_text _builder_version=\u00bb4.19.0&#8243; _module_preset=\u00bbdefault\u00bb text_font=\u00bbMontserrat||||||||\u00bb text_text_color=\u00bb#000000&#8243; text_font_size=\u00bb1.2vw\u00bb ul_font=\u00bb||||||||\u00bb header_font=\u00bbLemonB||||||||\u00bb header_2_font=\u00bbLemonB|700|||||||\u00bb header_2_font_size=\u00bb36px\u00bb header_2_line_height=\u00bb1.2em\u00bb header_3_font=\u00bb||||||||\u00bb max_width=\u00bb802px\u00bb max_width_last_edited=\u00bboff|desktop\u00bb module_alignment=\u00bbcenter\u00bb custom_margin=\u00bb|||13px||\u00bb custom_padding=\u00bb|74px||22px||\u00bb header_2_font_size_tablet=\u00bb35px\u00bb header_2_font_size_phone=\u00bb28px\u00bb header_2_font_size_last_edited=\u00bbon|desktop\u00bb custom_css_main_element=\u00bbmax-width: 980px\u00bb global_colors_info=\u00bb{}\u00bb]<\/p>\n<p style=\"text-align: left;\">Mejoramos dr\u00e1sticamente los niveles de atenci\u00f3n y concentraci\u00f3n de los alumnos.<\/p>\n<p style=\"text-align: left;\">Promovemos la capacidad de \u00abaprender a aprender\u00bb y la alfabetizaci\u00f3n digital.<\/p>\n<p style=\"text-align: left;\">Mapeamos las inteligencias m\u00faltiples de los estudiantes y creamos rutas personalizadas de aprendizaje.<\/p>\n<p style=\"text-align: left;\">Ofrecemos actualizaci\u00f3n profesional docente con metodolog\u00edas activas centradas en el aprendizaje significativo.<\/p>\n<p>[\/et_pb_text][\/et_pb_column][\/et_pb_row][\/et_pb_section][et_pb_section fb_built=\u00bb1&#8243; disabled_on=\u00bbon|off|off\u00bb _builder_version=\u00bb4.18.0&#8243; _module_preset=\u00bbdefault\u00bb background_color=\u00bb#f0aa23&#8243; global_colors_info=\u00bb{}\u00bb][et_pb_row _builder_version=\u00bb4.18.0&#8243; _module_preset=\u00bbdefault\u00bb custom_margin=\u00bb-190px||||false|false\u00bb global_colors_info=\u00bb{}\u00bb][et_pb_column type=\u00bb4_4&#8243; _builder_version=\u00bb4.18.0&#8243; _module_preset=\u00bbdefault\u00bb global_colors_info=\u00bb{}\u00bb][et_pb_image src=\u00bbhttps:\/\/www.grupomentora.com\/progrentis\/wp-content\/uploads\/2024\/10\/Sitio-Web-Mentora-Soluciones-big-03-1.png\u00bb title_text=\u00bbinnova-pro-final-03-03&#8243; _builder_version=\u00bb4.27.2&#8243; _module_preset=\u00bbdefault\u00bb hover_enabled=\u00bb0&#8243; global_colors_info=\u00bb{}\u00bb sticky_enabled=\u00bb0&#8243;][\/et_pb_image][\/et_pb_column][\/et_pb_row][\/et_pb_section][et_pb_section fb_built=\u00bb1&#8243; disabled_on=\u00bboff|on|on\u00bb _builder_version=\u00bb4.18.0&#8243; _module_preset=\u00bbdefault\u00bb background_color=\u00bb#f0aa23&#8243; global_colors_info=\u00bb{}\u00bb][et_pb_row _builder_version=\u00bb4.18.0&#8243; _module_preset=\u00bbdefault\u00bb global_colors_info=\u00bb{}\u00bb][et_pb_column type=\u00bb4_4&#8243; _builder_version=\u00bb4.18.0&#8243; _module_preset=\u00bbdefault\u00bb global_colors_info=\u00bb{}\u00bb][et_pb_image src=\u00bbhttps:\/\/www.grupomentora.com\/progrentis\/wp-content\/uploads\/2022\/11\/INNOVAPRO-MOVIL-04.png\u00bb title_text=\u00bbINNOVAPRO-MOVIL-04&#8243; align=\u00bbcenter\u00bb _builder_version=\u00bb4.19.0&#8243; _module_preset=\u00bbdefault\u00bb hover_enabled=\u00bb0&#8243; global_colors_info=\u00bb{}\u00bb sticky_enabled=\u00bb0&#8243;][\/et_pb_image][et_pb_image src=\u00bbhttps:\/\/www.grupomentora.com\/progrentis\/wp-content\/uploads\/2024\/10\/Sitio-Web-Mentora-Soluciones-movil-1.png\u00bb title_text=\u00bbINNOVAPRO-MOVIL-04&#8243; align=\u00bbcenter\u00bb _builder_version=\u00bb4.27.2&#8243; _module_preset=\u00bbdefault\u00bb hover_enabled=\u00bb0&#8243; global_colors_info=\u00bb{}\u00bb sticky_enabled=\u00bb0&#8243;][\/et_pb_image][\/et_pb_column][\/et_pb_row][\/et_pb_section]<\/p>\n","protected":false},"excerpt":{"rendered":"<p>\u00a0Mentora\u00a0 Siempre suma+Usamos la misma inteligencia artificialdesarrollada por la NASA para optimizar elnivel cognitivo de los astronautas paraevaluar competencias, razonamiento,concentraci\u00f3n, alfabetizaci\u00f3n digital y nivelde avance en la soluci\u00f3n educativa. Potenciamos al m\u00e1ximo las habilidades depensamiento de los alumnos. Desarrollamos m\u00e1s de 100 destrezas claves parael estudiante del S. XXI.Mejoramos dr\u00e1sticamente los niveles deatenci\u00f3n y concentraci\u00f3n [&hellip;]<\/p>\n","protected":false},"author":4,"featured_media":0,"parent":0,"menu_order":0,"comment_status":"closed","ping_status":"closed","template":"","meta":{"_et_pb_use_builder":"on","_et_pb_old_content":"","_et_gb_content_width":"","jetpack_post_was_ever_published":false,"footnotes":""},"class_list":["post-106006","page","type-page","status-publish","hentry"],"yoast_head":"<!-- This site is optimized with the Yoast SEO plugin v27.5 - https:\/\/yoast.com\/product\/yoast-seo-wordpress\/ -->\n<title>Soluciones - Mentora Progrentis<\/title>\n<meta name=\"robots\" content=\"index, follow, max-snippet:-1, max-image-preview:large, max-video-preview:-1\" \/>\n<link rel=\"canonical\" href=\"https:\/\/www.grupomentora.com\/progrentis\/soluciones\/\" \/>\n<meta property=\"og:locale\" content=\"es_ES\" \/>\n<meta property=\"og:type\" content=\"article\" \/>\n<meta property=\"og:title\" content=\"Soluciones - Mentora Progrentis\" \/>\n<meta property=\"og:description\" content=\"\u00a0Mentora\u00a0 Siempre suma+Usamos la misma inteligencia artificialdesarrollada por la NASA para optimizar elnivel cognitivo de los astronautas paraevaluar competencias, razonamiento,concentraci\u00f3n, alfabetizaci\u00f3n digital y nivelde avance en la soluci\u00f3n educativa. Potenciamos al m\u00e1ximo las habilidades depensamiento de los alumnos. Desarrollamos m\u00e1s de 100 destrezas claves parael estudiante del S. XXI.Mejoramos dr\u00e1sticamente los niveles deatenci\u00f3n y concentraci\u00f3n [&hellip;]\" \/>\n<meta property=\"og:url\" content=\"https:\/\/www.grupomentora.com\/progrentis\/soluciones\/\" \/>\n<meta property=\"og:site_name\" content=\"Mentora Progrentis\" \/>\n<meta property=\"article:publisher\" content=\"https:\/\/www.facebook.com\/grupomentora\" \/>\n<meta property=\"article:modified_time\" content=\"2024-10-24T16:12:49+00:00\" \/>\n<meta name=\"twitter:card\" content=\"summary_large_image\" \/>\n<meta name=\"twitter:site\" content=\"@grupomentora\" \/>\n<meta name=\"twitter:label1\" content=\"Tiempo de lectura\" \/>\n\t<meta name=\"twitter:data1\" content=\"6 minutos\" \/>\n<script type=\"application\/ld+json\" class=\"yoast-schema-graph\">{\"@context\":\"https:\\\/\\\/schema.org\",\"@graph\":[{\"@type\":\"WebPage\",\"@id\":\"https:\\\/\\\/www.grupomentora.com\\\/progrentis\\\/soluciones\\\/\",\"url\":\"https:\\\/\\\/www.grupomentora.com\\\/progrentis\\\/soluciones\\\/\",\"name\":\"Soluciones - Mentora Progrentis\",\"isPartOf\":{\"@id\":\"https:\\\/\\\/www.grupomentora.com\\\/progrentis\\\/#website\"},\"datePublished\":\"2022-06-30T20:54:14+00:00\",\"dateModified\":\"2024-10-24T16:12:49+00:00\",\"inLanguage\":\"es\",\"potentialAction\":[{\"@type\":\"ReadAction\",\"target\":[\"https:\\\/\\\/www.grupomentora.com\\\/progrentis\\\/soluciones\\\/\"]}]},{\"@type\":\"WebSite\",\"@id\":\"https:\\\/\\\/www.grupomentora.com\\\/progrentis\\\/#website\",\"url\":\"https:\\\/\\\/www.grupomentora.com\\\/progrentis\\\/\",\"name\":\"Grupo Mentora Progrentis\",\"description\":\"Del conocimiento a las destrezas\",\"potentialAction\":[{\"@type\":\"SearchAction\",\"target\":{\"@type\":\"EntryPoint\",\"urlTemplate\":\"https:\\\/\\\/www.grupomentora.com\\\/progrentis\\\/?s={search_term_string}\"},\"query-input\":{\"@type\":\"PropertyValueSpecification\",\"valueRequired\":true,\"valueName\":\"search_term_string\"}}],\"inLanguage\":\"es\"}]}<\/script>\n<!-- \/ Yoast SEO plugin. -->","yoast_head_json":{"title":"Soluciones - Mentora Progrentis","robots":{"index":"index","follow":"follow","max-snippet":"max-snippet:-1","max-image-preview":"max-image-preview:large","max-video-preview":"max-video-preview:-1"},"canonical":"https:\/\/www.grupomentora.com\/progrentis\/soluciones\/","og_locale":"es_ES","og_type":"article","og_title":"Soluciones - Mentora Progrentis","og_description":"\u00a0Mentora\u00a0 Siempre suma+Usamos la misma inteligencia artificialdesarrollada por la NASA para optimizar elnivel cognitivo de los astronautas paraevaluar competencias, razonamiento,concentraci\u00f3n, alfabetizaci\u00f3n digital y nivelde avance en la soluci\u00f3n educativa. Potenciamos al m\u00e1ximo las habilidades depensamiento de los alumnos. Desarrollamos m\u00e1s de 100 destrezas claves parael estudiante del S. XXI.Mejoramos dr\u00e1sticamente los niveles deatenci\u00f3n y concentraci\u00f3n [&hellip;]","og_url":"https:\/\/www.grupomentora.com\/progrentis\/soluciones\/","og_site_name":"Mentora Progrentis","article_publisher":"https:\/\/www.facebook.com\/grupomentora","article_modified_time":"2024-10-24T16:12:49+00:00","twitter_card":"summary_large_image","twitter_site":"@grupomentora","twitter_misc":{"Tiempo de lectura":"6 minutos"},"schema":{"@context":"https:\/\/schema.org","@graph":[{"@type":"WebPage","@id":"https:\/\/www.grupomentora.com\/progrentis\/soluciones\/","url":"https:\/\/www.grupomentora.com\/progrentis\/soluciones\/","name":"Soluciones - Mentora Progrentis","isPartOf":{"@id":"https:\/\/www.grupomentora.com\/progrentis\/#website"},"datePublished":"2022-06-30T20:54:14+00:00","dateModified":"2024-10-24T16:12:49+00:00","inLanguage":"es","potentialAction":[{"@type":"ReadAction","target":["https:\/\/www.grupomentora.com\/progrentis\/soluciones\/"]}]},{"@type":"WebSite","@id":"https:\/\/www.grupomentora.com\/progrentis\/#website","url":"https:\/\/www.grupomentora.com\/progrentis\/","name":"Grupo Mentora Progrentis","description":"Del conocimiento a las destrezas","potentialAction":[{"@type":"SearchAction","target":{"@type":"EntryPoint","urlTemplate":"https:\/\/www.grupomentora.com\/progrentis\/?s={search_term_string}"},"query-input":{"@type":"PropertyValueSpecification","valueRequired":true,"valueName":"search_term_string"}}],"inLanguage":"es"}]}},"jetpack-related-posts":[{"id":987495564,"url":"https:\/\/www.grupomentora.com\/progrentis\/blog-mentora\/","url_meta":{"origin":106006,"position":0},"title":"Blog","author":"Michael Parrales","date":"septiembre 27, 2022","format":false,"excerpt":"","rel":"","context":"Entrada similar","block_context":{"text":"Entrada similar","link":""},"img":{"alt_text":"","src":"","width":0,"height":0},"classes":[]},{"id":105693,"url":"https:\/\/www.grupomentora.com\/progrentis\/","url_meta":{"origin":106006,"position":1},"title":"Inicio","author":"Grupo Mentora","date":"mayo 10, 2022","format":false,"excerpt":"","rel":"","context":"Entrada similar","block_context":{"text":"Entrada similar","link":""},"img":{"alt_text":"","src":"","width":0,"height":0},"classes":[]}],"jetpack_sharing_enabled":true,"_links":{"self":[{"href":"https:\/\/www.grupomentora.com\/progrentis\/wp-json\/wp\/v2\/pages\/106006","targetHints":{"allow":["GET"]}}],"collection":[{"href":"https:\/\/www.grupomentora.com\/progrentis\/wp-json\/wp\/v2\/pages"}],"about":[{"href":"https:\/\/www.grupomentora.com\/progrentis\/wp-json\/wp\/v2\/types\/page"}],"author":[{"embeddable":true,"href":"https:\/\/www.grupomentora.com\/progrentis\/wp-json\/wp\/v2\/users\/4"}],"replies":[{"embeddable":true,"href":"https:\/\/www.grupomentora.com\/progrentis\/wp-json\/wp\/v2\/comments?post=106006"}],"version-history":[{"count":60,"href":"https:\/\/www.grupomentora.com\/progrentis\/wp-json\/wp\/v2\/pages\/106006\/revisions"}],"predecessor-version":[{"id":987496549,"href":"https:\/\/www.grupomentora.com\/progrentis\/wp-json\/wp\/v2\/pages\/106006\/revisions\/987496549"}],"wp:attachment":[{"href":"https:\/\/www.grupomentora.com\/progrentis\/wp-json\/wp\/v2\/media?parent=106006"}],"curies":[{"name":"wp","href":"https:\/\/api.w.org\/{rel}","templated":true}]}}